{"id":34872,"date":"2025-11-24T12:29:26","date_gmt":"2025-11-24T11:29:26","guid":{"rendered":"https:\/\/sunce-st.org\/?page_id=34872"},"modified":"2025-11-27T10:03:58","modified_gmt":"2025-11-27T09:03:58","slug":"membership-request","status":"publish","type":"page","link":"https:\/\/sunce-st.org\/en\/membership-request\/","title":{"rendered":"Membership request"},"content":{"rendered":"\n<p id=\"tw-target-text\">Being a member of Sunce means being<strong> part of the story of nature, the environment and sustainable development<\/strong> and accepting that only through our own actions \u2013 even if they can only be at the level of supporting Sunce\u2019s work \u2013 we can do something good for the society we belong to.<br><br>By becoming a member, you demonstrate social responsibility and become an active carrier of social change. You enable us to be an even more significant factor on the public stage, you give weight to our demands towards institutions, you participate in environmental protection and nature conservation, and you receive benefits and <a href=\"https:\/\/sunce-st.org\/en\/news\/join-sunce-and-enjoy-exclusive-partner-discounts\/\" target=\"_blank\" rel=\"noreferrer noopener\">discounts from Sunc\u2019s partners<\/a>.<\/p>\n\n\n    <div class=\"contact-registration-form\">\n                <form id=\"contact-reg-form\" method=\"post\" action=\"\">\n            <input type=\"hidden\" id=\"contact_registration_nonce\" name=\"contact_registration_nonce\" value=\"ddd41e29d3\" \/><input type=\"hidden\" name=\"_wp_http_referer\" value=\"\/en\/wp-json\/wp\/v2\/pages\/34872\" \/>            <p>\n                <label class=\"napomena\" style=\"font-weight: normal; font-size: 16px;\">\n                    The personal data provided in this membership request will be used exclusively by the Association for Nature, Environment and Sustainable Development Sunce (Obala hrvatskog narodnog preporoda 7\/III 21000 Split, OIB: 17644269011) for maintaining member records and for email communication with members who have indicated they wish to receive email notifications. The data obtained in this request will not be used for any purpose other than those stated. Access to personal data used by the Association for Nature, Environment and Sustainable Development Sunce is possible at any time, and consent may be withdrawn at any time by sending a request to withdraw consent and the use of personal data to info@sunce-st.org. In that case, withdrawal of consent is effective from the moment the request is sent and does not affect the lawfulness of processing carried out prior to withdrawal.                <\/label>\n            <\/p>\n            <p>\n                <label for=\"reg_first_name\">First name *<\/label>\n                <input type=\"text\" name=\"reg_first_name\" id=\"reg_first_name\" required>\n            <\/p>\n\n            <p>\n                <label for=\"reg_last_name\">Last name *<\/label>\n                <input type=\"text\" name=\"reg_last_name\" id=\"reg_last_name\" required>\n            <\/p>\n            <p>\n                <label for=\"reg_birth_date\">Birth date *<\/label>\n                <input type=\"date\" name=\"reg_birth_date\" id=\"reg_birth_date\" required>\n            <\/p>\n            <p class=\"napomena\">*According to Article 12 of the Associations Act, the list of association members must obligatorily contain the date of birth of each member.<\/p>\n            <p>\n                <label for=\"reg_id_number\">OIB *<\/label>\n                <input type=\"text\" name=\"reg_id_number\" id=\"reg_id_number\" required>\n            <\/p>\n            <p class=\"napomena\">*According to Article 12 of the Associations Act, the list of association members must obligatorily contain the OIB of each member.<\/p>\n            \n            <label for=\"reg_address\">Address *<\/label>\n            <textarea name=\"reg_address\" id=\"reg_address\" rows=\"2\" required><\/textarea>\n            <\/p>\n            <p>\n                <label for=\"reg_email\">Email *<\/label>\n                <input type=\"email\" name=\"reg_email\" id=\"reg_email\" required>\n            <\/p>\n            <p>\n                <label for=\"reg_newsletter\" style=\"font-weight:bold;\">\n                    <input type=\"checkbox\" name=\"reg_newsletter\" id=\"reg_newsletter\" value=\"Da\">\n                    Would you like to receive our news on email?                <\/label>\n            <\/p>\n            <p>\n                <label for=\"reg_phone\">Phone\/Mobile *<\/label>\n                <input type=\"tel\" name=\"reg_phone\" id=\"reg_phone\" required>\n            <\/p>\n            <p>\n                <label for=\"reg_zanimanje\">Occupation<\/label>\n                <input type=\"text\" name=\"reg_zanimanje\" id=\"reg_zanimanje\">\n            <\/p>\n            <p>\n                <label for=\"reg_radni_odnos\">Current job status *<\/label>\n                <label style=\"display:block; font-weight:normal\">\n                    <input type=\"radio\" name=\"reg_radni_odnos\" value=\"Employed\">\n                    Employed                <\/label>\n                <label style=\"display:block; font-weight:normal\">\n                    <input type=\"radio\" name=\"reg_radni_odnos\" value=\"Unemployed\">\n                    Unemployed                <\/label>\n                <label style=\"display:block; font-weight:normal\">\n                    <input type=\"radio\" name=\"reg_radni_odnos\" value=\"Student\">\n                    Student                <\/label>\n\n            <\/p>\n            <p>\n                <label for=\"reg_poslodavac\">Please, if you wish, provide the name of your employer<\/label>\n                <input type=\"text\" name=\"reg_poslodavac\" id=\"reg_poslodavac\">\n            <\/p>\n            <p>\n                <label for=\"reg_obrazovanje\">Please specify which faculty you attend and your year of study<\/label>\n                <input type=\"tel\" name=\"reg_obrazovanje\" id=\"reg_obrazovanje\">\n            <\/p>\n            <p>\n                <label for=\"reg_motivi\">Please state your reasons for joining *<\/label>\n                <textarea name=\"reg_motivi\" id=\"reg_motivi\" rows=\"3\" required><\/textarea>\n            <\/p>\n            <p>\n                <label for=\"reg_saznali\">How did you heard about Sunce? *<\/label>\n\n                <label style=\"display:block; font-weight: normal;\">\n                    <input type=\"checkbox\" name=\"reg_saznali[]\" value=\"Osobni kontakti\">\n                     Personal contacts                <\/label>\n                <label style=\"display:block; font-weight: normal;\">\n                    <input type=\"checkbox\" name=\"reg_saznali[]\" value=\"Profesionalni kontakti\">\n                     Professional contacts                <\/label>\n                <label style=\"display:block; font-weight: normal;\">\n                    <input type=\"checkbox\" name=\"reg_saznali[]\" value=\"Mediji (Internet, TV, tiskani mediji)\">\n                    Media (Internet, TV, print)                <\/label>\n                <label style=\"display:block; font-weight: normal;\">\n                    <input type=\"checkbox\" name=\"reg_saznali[]\" value=\"Na javnom doga\u0111anju Sunca (Sajam razmjene, Quizos, \u0160izika, Biciklijada itd.)\">\n                    At a Sunce public event (Swap fair, Quizos, \u0160izika, Bike rally, etc.)                <\/label>\n                <label style=\"display:block; font-weight: normal;\">\n                    <input type=\"checkbox\" name=\"reg_saznali[]\" value=\"Ostalo\">\n                    Other                <\/label>\n                <input type=\"text\" name=\"reg_saznali_ostalo\" id=\"reg_saznali_ostalo\">\n            <\/p>\n            <p>\n                <label for=\"reg_interes\">Please indicate your area(s) of interest at Sunce *<\/label>\n                <label style=\"display:block; font-weight:normal; font-size: 15px; margin-bottom:8px;\">*You can select multiple options<\/label>\n                <label style=\"display:block; font-weight: normal;\">\n                    <input type=\"checkbox\" name=\"reg_interes[]\" value=\"Gospodarenje otpadom i akcije \u010di\u0161\u0107enja\">\n                    Waste management and clean-up actions                <\/label>\n                <label style=\"display:block; font-weight: normal;\">\n                    <input type=\"checkbox\" name=\"reg_interes[]\" value=\"Komunikacije i zagovaranje tema Sunca\">\n                    Communications and advocacy for Sunce&#039;s themes                <\/label>\n                <label style=\"display:block; font-weight: normal;\">\n                    <input type=\"checkbox\" name=\"reg_interes[]\" value=\"Za\u0161tita prirode i tematika mora\">\n                    Nature protection and marine topics                <\/label>\n                <label style=\"display:block; font-weight: normal;\">\n                    <input type=\"checkbox\" name=\"reg_interes[]\" value=\"Edukacija djece i gra\u0111ana o temama Sunca\">\n                    Education of children and citizens about Sunce&#039;s topics                <\/label>\n                <label style=\"display:block; font-weight: normal;\">\n                    <input type=\"checkbox\" name=\"reg_interes[]\" value=\"Javna doga\u0111anja vezana za teme Sunca\">\n                    Public events related to Sunce&#039;s themes                <\/label>\n                <label style=\"display:block; font-weight: normal;\">\n                    <input type=\"checkbox\" name=\"reg_interes[]\" value=\"Ostalo\">\n                    Other                <\/label>\n                <input type=\"text\" name=\"reg_interes_ostalo\" id=\"reg_interes_ostalo\">\n            <\/p>\n            \n            <p>\n                <label for=\"reg_agree\">By completing this request I confirm that I agree with the above, support Sunce&#039;s vision, mission and goals, accept the provisions of the Statute and the Code of Ethics, and the rights and obligations arising from membership. *\n                <\/label>\n                <label style=\"display:block; margin-bottom:6px; font-weight:normal;\">\n                    <input type=\"checkbox\" name=\"reg_agree\" value=\"Da\" required>\n                    I agree.                <\/label>\n            <\/p>\n            <p>\n            <label for=\"reg_potvrda_placanje\">I understand that I become a full member of Sunce only after paying the membership fee *<\/label>\n            <label for=\"reg_potvrda_placanje\" style=\"font-weight:normal; display:block; font-size:15px; margin-bottom:8px;\">* Not applicable to students on internships and long-term volunteers at Sunce, who have free membership.<\/label>\n            <label style=\"display:block; font-weight:normal;\">\n                    <input type=\"checkbox\" name=\"reg_potvrda_placanje\" value=\"Da\" required>\n                    I understand                <\/label>\n            <\/p>\n            \n\n            <!-- Honeypot field (hidden from users, catches bots) -->\n            <input type=\"text\" name=\"website\" style=\"display:none;\" tabindex=\"-1\" autocomplete=\"off\">\n\n            <!-- Simple math captcha -->\n            <p>\n                <label for=\"reg_captcha\">Security question: How much is 6 + 2?<\/label>\n                <input type=\"number\" name=\"reg_captcha\" id=\"reg_captcha\" required>\n            <\/p>\n\n            <p>\n                <input type=\"submit\" name=\"submit_contact_registration\" value=\"Submit request\">\n            <\/p>\n        <\/form>\n    <\/div>\n\n    <style>\n        .contact-registration-form {\n            max-width: 750px;\n            margin: 10px auto;\n            padding: 30px;\n            background: #f9f9f9;\n            border-radius: 8px;\n            box-shadow: 0 2px 4px rgba(0, 0, 0, 0.1);\n        }\n\n        .contact-registration-form p {\n            margin-bottom: 15px;\n        }\n\n        .contact-registration-form p.napomena {\n            font-size: 16px;\n        }\n\n        .contact-registration-form label {\n            display: block;\n            margin-bottom: 5px;\n            font-weight: bold;\n            color: #333;\n        }\n\n        .contact-registration-form input[type=\"text\"],\n        .contact-registration-form input[type=\"email\"],\n        .contact-registration-form input[type=\"date\"],\n        .contact-registration-form input[type=\"tel\"],\n        .contact-registration-form input[type=\"number\"],\n        .contact-registration-form textarea {\n            width: 100%;\n            padding: 10px;\n            border: 1px solid #ddd;\n            border-radius: 4px;\n            box-sizing: border-box;\n            font-size: 14px;\n            height: 30px;\n            background-color: #fff;\n            margin-bottom: 0px\n        }\n\n        .contact-registration-form textarea {\n            resize: vertical;\n            font-family: inherit;\n        }\n\n        .contact-registration-form input[type=\"checkbox\"] {\n            width: auto;\n            margin-right: 8px;\n        }\n\n        .contact-registration-form label[for=\"reg_newsletter\"] {\n            display: flex;\n            align-items: center;\n            font-weight: normal;\n            cursor: pointer;\n        }\n\n        .contact-registration-form input[type=\"submit\"] {\n            background: #0073aa;\n            color: white;\n            padding: 12px 30px;\n            border: none;\n            border-radius: 4px;\n            cursor: pointer;\n            font-size: 16px;\n            font-weight: bold;\n        }\n\n        .contact-registration-form input[type=\"submit\"]:hover {\n            background: #005177;\n        }\n\n        .success-message,\n        .error-message {\n            padding: 15px;\n            margin-bottom: 20px;\n            border-radius: 4px;\n        }\n\n        .success-message {\n            background: #d4edda;\n            color: #155724;\n            border: 1px solid #c3e6cb;\n        }\n\n        .error-message {\n            background: #f8d7da;\n            color: #721c24;\n            border: 1px solid #f5c6cb;\n        }\n    <\/style>\n\n","protected":false},"excerpt":{"rendered":"<p>Being a member of Sunce means being part of the story of nature, the environment [&hellip;]<\/p>\n","protected":false},"author":15,"featured_media":33566,"parent":0,"menu_order":0,"comment_status":"closed","ping_status":"closed","template":"","meta":{"_acf_changed":false,"footnotes":""},"class_list":["post-34872","page","type-page","status-publish","has-post-thumbnail","hentry"],"acf":[],"_links":{"self":[{"href":"https:\/\/sunce-st.org\/en\/wp-json\/wp\/v2\/pages\/34872","targetHints":{"allow":["GET"]}}],"collection":[{"href":"https:\/\/sunce-st.org\/en\/wp-json\/wp\/v2\/pages"}],"about":[{"href":"https:\/\/sunce-st.org\/en\/wp-json\/wp\/v2\/types\/page"}],"author":[{"embeddable":true,"href":"https:\/\/sunce-st.org\/en\/wp-json\/wp\/v2\/users\/15"}],"replies":[{"embeddable":true,"href":"https:\/\/sunce-st.org\/en\/wp-json\/wp\/v2\/comments?post=34872"}],"version-history":[{"count":3,"href":"https:\/\/sunce-st.org\/en\/wp-json\/wp\/v2\/pages\/34872\/revisions"}],"predecessor-version":[{"id":34889,"href":"https:\/\/sunce-st.org\/en\/wp-json\/wp\/v2\/pages\/34872\/revisions\/34889"}],"wp:featuredmedia":[{"embeddable":true,"href":"https:\/\/sunce-st.org\/en\/wp-json\/wp\/v2\/media\/33566"}],"wp:attachment":[{"href":"https:\/\/sunce-st.org\/en\/wp-json\/wp\/v2\/media?parent=34872"}],"curies":[{"name":"wp","href":"https:\/\/api.w.org\/{rel}","templated":true}]}}