{"id":3070,"date":"2016-10-20T12:53:35","date_gmt":"2016-10-20T12:53:35","guid":{"rendered":"https:\/\/sunce.itlaganini.org\/en\/?page_id=3070"},"modified":"2025-01-20T14:12:58","modified_gmt":"2025-01-20T13:12:58","slug":"contact","status":"publish","type":"page","link":"https:\/\/sunce-st.org\/en\/about-sunce\/contact\/","title":{"rendered":"Contact"},"content":{"rendered":"<blockquote><p><strong>Association for Nature, Environment and Sustainable Development Sunce<br \/>\n<\/strong>Obala hrvatskog narodnog preporoda 7,\u00a021000 Split, Croatia<br \/>\nIBAN: HR4624070001100570925<br \/>\nCurrency: EUR<br \/>\nSWIFT (BIC): OTPVHR2X<br \/>\nTAX No: 17644269011<br \/>\nTel: +385 21 360779<br \/>\nFax: +385 21 317254<br \/>\nMob: +385 91 3607790<br \/>\nE-mail: info@sunce-st.org<\/p><\/blockquote>\n<blockquote><p><span style=\"color: #ffffff;\"><strong style=\"font-size: revert;\">GREEN PHONE:<\/strong><span style=\"font-size: revert;\"><span style=\"color: #ffffff;\"> a f<\/span>ree tool for all citizens who wish to report an issue related to environmental and nature protection<br \/>\n<\/span><span style=\"font-size: revert;\">Tel: 072 123456<br \/>\n<\/span><span style=\"font-size: revert;\">Mob: +385 91 3607790<br \/>\n<\/span><span style=\"font-size: revert;\">E-mail: <\/span><a style=\"font-size: revert; color: #ffffff;\" rel=\"noopener\">info@sunce-st.org<\/a><\/span><\/p><\/blockquote>\n<blockquote><p><span style=\"color: #ffffff;\"><strong>Media inquiries:<\/strong><\/span><br \/>\n<span style=\"color: #ffffff;\">Maja Juri\u0107, Head of the Communications and Advocacy Department<\/span><br \/>\n<a href=\"mailto:maja.juric@sunce-st.org\"><span style=\"color: #ffffff;\"><strong>maja.juric@sunce-st.org<\/strong><\/span><\/a><\/p>\n<p><span style=\"color: #ffffff;\">Dora \u010cuku\u0161i\u0107, Assistant in the Communications and Advocacy Department<\/span><br \/>\n<a href=\"mailto:dora.cukusic@sunce-st.org\"><span style=\"color: #ffffff;\"><strong>dora.cukusic@sunce-st.org<\/strong><\/span><\/a><\/p>\n<p><span style=\"color: #ffffff;\">Bruna Tomi\u0107, Assistant in the Communications and Advocacy Department<\/span><br \/>\n<span style=\"color: #ffffff;\"><strong><a style=\"color: #ffffff;\" href=\"mailto:bruna.perica@sunce-st.org\" rel=\"noopener\">bruna.perica@sunce-st.org<\/a><\/strong><\/span><\/p>\n<p><span style=\"color: #ffffff;\">For a list of all employees and their contact information, please visit our <strong><a style=\"color: #ffffff;\" href=\"https:\/\/sunce-st.org\/en\/about-sunce\/sunce-team\/\">employee page<\/a>.<\/strong><\/span><\/p><\/blockquote>\n","protected":false},"excerpt":{"rendered":"<p>Association for Nature, Environment and Sustainable Development Sunce Obala hrvatskog narodnog preporoda 7,\u00a021000 Split, Croatia [&hellip;]<\/p>\n","protected":false},"author":1,"featured_media":29752,"parent":3056,"menu_order":0,"comment_status":"closed","ping_status":"closed","template":"","meta":{"_acf_changed":false,"footnotes":""},"class_list":["post-3070","page","type-page","status-publish","has-post-thumbnail","hentry"],"acf":[],"_links":{"self":[{"href":"https:\/\/sunce-st.org\/en\/wp-json\/wp\/v2\/pages\/3070","targetHints":{"allow":["GET"]}}],"collection":[{"href":"https:\/\/sunce-st.org\/en\/wp-json\/wp\/v2\/pages"}],"about":[{"href":"https:\/\/sunce-st.org\/en\/wp-json\/wp\/v2\/types\/page"}],"author":[{"embeddable":true,"href":"https:\/\/sunce-st.org\/en\/wp-json\/wp\/v2\/users\/1"}],"replies":[{"embeddable":true,"href":"https:\/\/sunce-st.org\/en\/wp-json\/wp\/v2\/comments?post=3070"}],"version-history":[{"count":3,"href":"https:\/\/sunce-st.org\/en\/wp-json\/wp\/v2\/pages\/3070\/revisions"}],"predecessor-version":[{"id":29759,"href":"https:\/\/sunce-st.org\/en\/wp-json\/wp\/v2\/pages\/3070\/revisions\/29759"}],"up":[{"embeddable":true,"href":"https:\/\/sunce-st.org\/en\/wp-json\/wp\/v2\/pages\/3056"}],"wp:featuredmedia":[{"embeddable":true,"href":"https:\/\/sunce-st.org\/en\/wp-json\/wp\/v2\/media\/29752"}],"wp:attachment":[{"href":"https:\/\/sunce-st.org\/en\/wp-json\/wp\/v2\/media?parent=3070"}],"curies":[{"name":"wp","href":"https:\/\/api.w.org\/{rel}","templated":true}]}}