{"id":3062,"date":"2022-09-12T12:49:00","date_gmt":"2022-09-12T10:49:00","guid":{"rendered":"https:\/\/sunce.itlaganini.org\/en\/?page_id=3062"},"modified":"2026-03-19T16:35:18","modified_gmt":"2026-03-19T15:35:18","slug":"governance","status":"publish","type":"page","link":"https:\/\/sunce-st.org\/en\/about-sunce\/governance\/","title":{"rendered":"Governance"},"content":{"rendered":"<p><strong>Sunce is a civil society organization (CSO) that operates under the NGO Act and the Statute. As such, it has no owner but belongs to all its members.<\/strong><\/p>\n<blockquote>\n<div>The bodies of the Association:<\/div>\n<div>\u00a0<\/div>\n<div>1.\u00a0<strong>Assembly<\/strong><\/div>\n<div>2. <strong>Supervisory <span data-olk-copy-source=\"MessageBody\">Committee <\/span><\/strong><\/div>\n<div>3. <strong>Executive\u00a0Board<\/strong><\/div>\n<div>4.\u00a0<strong>Executive Director<\/strong><\/div>\n<\/blockquote>\n<p><strong>The Assembly<\/strong>\u00a0is the highest governing body of the Association Sunce, and it is made up of all active\u00a0<a href=\"https:\/\/sunce-st.org\/en\/about-sunce\/members\/\" target=\"_blank\" rel=\"noopener\"><strong>members<\/strong><\/a> of the Association who thus participate in the running of the organization. At the Assembly meetings, decisions are made about the members of the Executive Board and Supervisory <span data-olk-copy-source=\"MessageBody\">Committee<\/span>, changes to the <a href=\"https:\/\/sunce-st.org\/en\/about-sunce\/why-are-we-here\/\" target=\"_blank\" rel=\"noopener\">Statute<\/a>, the <a href=\"https:\/\/sunce-st.org\/wp-content\/uploads\/2021\/10\/Stategic_plan_2021-2026.pdf\" target=\"_blank\" rel=\"noopener\">Strategic Plan<\/a>, <a href=\"https:\/\/sunce-st.org\/en\/about-sunce\/funding\/\" target=\"_blank\" rel=\"noopener\">financial<\/a> and <a href=\"https:\/\/sunce-st.org\/en\/about-sunce\/how-we-work\/\" target=\"_blank\" rel=\"noopener\">work reports<\/a>, and other organizational and status changes in Sunce.<\/p>\n<p>The <strong>Supervisory <span data-olk-copy-source=\"MessageBody\">Committee <\/span><\/strong>is the highest body that supervises the management and work of the Executive Board between two sessions of the Assembly. Members of the Supervisory <span data-olk-copy-source=\"MessageBody\">Committee <\/span>are elected through a public tender.<\/p>\n<p><strong>The members of the Supervisory <span data-olk-copy-source=\"MessageBody\">Committee <\/span>for the period from April 15, 2024 to April 15, 2028 are:<\/strong><\/p>\n<ol start=\"1\" type=\"1\">\n<li><strong>Sr\u0111an Uljevi\u0107<\/strong>, Associate Professor at the American University of Central Asia (as of January 30, 2026; previously, until December 31, 2025, <strong>Andrijana Pari\u0107<\/strong>, M.S. soc. and Professor of Philosophy, Master of Local Development &#8211; Joint European Union Master in Transition Areas).<\/li>\n<li><strong>Marko Pe\u0107arevi\u0107,<\/strong> Master of Conservation Biology<\/li>\n<li><strong>Marija Nazli\u0107,\u00a0<\/strong>mag. educ. biol. et. chem.<\/li>\n<\/ol>\n<p>In the work of the Supervisory <span data-olk-copy-source=\"MessageBody\">Committee<\/span>, the Executive Director, Gabrijela Meduni\u0107-Orli\u0107, and the member of the Executive Board, Matea \u0160pika, selected as employee representatives, participate in the work of the Supervisory <span data-olk-copy-source=\"MessageBody\">Committee <\/span>without decision-making rights.<\/p>\n<p><strong>The Executive Board<\/strong> manages Sunce in accordance with the law, the Statute and other internal acts, as well as the decisions of the Assembly and the advice of the Supervisory <span data-olk-copy-source=\"MessageBody\">Committee<\/span>. It answers for the implementation of the Association&#8217;s mission and organizational development of the Association. The members of the Executive Board are the Head of Finance and the Executive Director, 2 employee representatives, 1 representative of the Head of organizational units.<\/p>\n<p>The <strong>Executive Director<\/strong> is elected through a tender for a period of four years, and in its mandate it is responsible for the coordination and implementation of the decisions of the Executive Board, the coordination of the development of Sunce, through cooperation with the Executive Board and the Heads of Sunce organizational units.<\/p>\n<p><strong>The members of the Executive Board for the period from February 29, 2024 to February 29, 2028 are:<\/strong><\/p>\n<ol>\n<li><strong>Gabrijela Meduni\u0107-Orli\u0107<\/strong>, M.Sc. Chem., B.Sc. Environmental Sciences and Technologies, Executive Director<\/li>\n<li><strong>Samanta \u0160e\u0107er<\/strong>, M.S. forensics, Head of the Department for Finance, Organization and Administration<\/li>\n<li><strong>Zrinka Jakl<\/strong>, M.S. biology and ecology, representative of the Heads of Sunce organizational units, Head of the Department for Nature Protection<\/li>\n<li><strong>Margita Radman<\/strong>, M.S. Biology and Ecology, employee representative, Head of the Education and Information Department<\/li>\n<li><strong>M.Sc. Matea \u0160pika<\/strong>, mag.biol., employee representative, Head of the Department for Nature Protection replacement\u00a0<\/li>\n<\/ol>\n\n\n<p>The work of the Executive Board is governed by the <a href=\"https:\/\/sunce-st.org\/wp-content\/uploads\/2024\/11\/Pravilnik_o_radu_Izvrsnog_odbora_2024_FINAL.pdf\" target=\"_blank\" rel=\"noreferrer noopener\">Executive Board Rules of Procedure<\/a> [Available&nbsp;in Croatian only]. Official Executive Board meetings take place at the Sunce office on the following dates:<\/p>\n\n\n\n<p><strong>April<\/strong> 13, 2026, at 10:00<br><strong>May<\/strong> 18, 2026, at 10:00<br><strong>June <\/strong>16, 2026, at 10:00.<\/p>\n\n\n\n<p><strong>Participation in Meetings<\/strong><\/p>\n\n\n\n<p>Executive Board meetings are open to all employees, active members, and members of Sunce\u2019s Supervisory Committee, provided that they submit a prior written notice of attendance. Employees, active members, or Supervisory Committee members may propose additional agenda items or express interest in attending a meeting. Such proposals or attendance requests, with a brief explanation, should be sent to the Executive Board via email at <a>izvrsniodbor@sunce-st.org<\/a>, no later than three working days before the meeting.<\/p>\n\n\n\n<p>Employees and active members may attend the meeting as observers, without participating in the discussions.<\/p>\n\n\n\n<p>Employees and active members who have proposed an agenda item may participate in the part of the meeting specifically related to that agenda item, based on the interest expressed and accompanying rationale, but without voting rights.<\/p>\n\n\n\n<p><strong>Governing bodies until 2024 (<a href=\"https:\/\/sunce-st.org\/wp-content\/uploads\/2024\/05\/Governance_until_2024.pdf\" target=\"_blank\" rel=\"noreferrer noopener\">link<\/a>)<\/strong>.<\/p>\n","protected":false},"excerpt":{"rendered":"<p>Sunce is a civil society organization (CSO) that operates under the NGO Act and the [&hellip;]<\/p>\n","protected":false},"author":1,"featured_media":37726,"parent":3056,"menu_order":0,"comment_status":"closed","ping_status":"closed","template":"","meta":{"_acf_changed":false,"footnotes":""},"class_list":["post-3062","page","type-page","status-publish","has-post-thumbnail","hentry"],"acf":[],"_links":{"self":[{"href":"https:\/\/sunce-st.org\/en\/wp-json\/wp\/v2\/pages\/3062","targetHints":{"allow":["GET"]}}],"collection":[{"href":"https:\/\/sunce-st.org\/en\/wp-json\/wp\/v2\/pages"}],"about":[{"href":"https:\/\/sunce-st.org\/en\/wp-json\/wp\/v2\/types\/page"}],"author":[{"embeddable":true,"href":"https:\/\/sunce-st.org\/en\/wp-json\/wp\/v2\/users\/1"}],"replies":[{"embeddable":true,"href":"https:\/\/sunce-st.org\/en\/wp-json\/wp\/v2\/comments?post=3062"}],"version-history":[{"count":5,"href":"https:\/\/sunce-st.org\/en\/wp-json\/wp\/v2\/pages\/3062\/revisions"}],"predecessor-version":[{"id":37669,"href":"https:\/\/sunce-st.org\/en\/wp-json\/wp\/v2\/pages\/3062\/revisions\/37669"}],"up":[{"embeddable":true,"href":"https:\/\/sunce-st.org\/en\/wp-json\/wp\/v2\/pages\/3056"}],"wp:featuredmedia":[{"embeddable":true,"href":"https:\/\/sunce-st.org\/en\/wp-json\/wp\/v2\/media\/37726"}],"wp:attachment":[{"href":"https:\/\/sunce-st.org\/en\/wp-json\/wp\/v2\/media?parent=3062"}],"curies":[{"name":"wp","href":"https:\/\/api.w.org\/{rel}","templated":true}]}}