{"id":22733,"date":"2023-08-05T13:14:21","date_gmt":"2023-08-05T11:14:21","guid":{"rendered":"https:\/\/sunce-st.org\/?page_id=22733"},"modified":"2025-07-28T14:15:02","modified_gmt":"2025-07-28T12:15:02","slug":"ml-free-marine-litter-free-adriatic-sea-education-for-active-youth-participation","status":"publish","type":"page","link":"https:\/\/sunce-st.org\/en\/projects\/ml-free-marine-litter-free-adriatic-sea-education-for-active-youth-participation\/","title":{"rendered":"ML-FREE: Marine Litter-Free Adriatic Sea &#8211; Education for Active Youth Participation"},"content":{"rendered":"\n<p>The Adriatic Sea enjoys remarkable marine resources and landscapes shared by Italy and Croatia. However, it\u2019s under constant growing pressure with marine litter being one of the gravest threats to it. More than 80% of waste in the Adriatic Sea, vastly plastic, comes from the land as a result of human activities. Therefore, education based on active participation of youth is important for creating a sustainable society. The lack of practice in education results in superficial knowledge and a low promotion of key competencies. <\/p>\n\n\n\n<p>The ML-FREE project aims to address the pressing issue of marine litter, particularly plastic pollution, in the Adriatic Sea. By focusing on educating and engaging young people, we seek to foster a sustainable society that actively participates in the preservation of&nbsp; marine ecosystem. This project, co-funded by the European Union, strives to create a Marine Litter-Free Adriatic Sea through active youth participation, cross-border collaboration, and enhanced environmental education. Together, we can safeguard this important natural resource for future generations.<\/p>\n\n\n\n<h2 class=\"wp-block-heading\" id=\"h-project-goals\">Project goals:<\/h2>\n\n\n\n<p>The project&#8217;s overall objective is to contribute to the decrease of marine litter pollution and the preservation of the Adriatic Sea. ML-FREE project sets forth several ambitious goals:<\/p>\n\n\n\n<ol class=\"wp-block-list\" start=\"1\" style=\"list-style-type:1\">\n<li>&nbsp;Increased knowledge, skills, and active participation of the youth of the two cross-border high schools in the fight against marine litter pollution.<\/li>\n\n\n\n<li>Informing and raising awareness of the school\u2019s peers and local communities about marine litter problem and waste prevention.<\/li>\n\n\n\n<li>Strengthen the capacities and networking of educational institutions and organizations in the coastal area of Adriatic Sea to implement education for marine litter pollution and waste prevention based on the active participation.<\/li>\n\n\n\n<li>Raising awareness of institutions and organizations relevant for implementation of educational policy on marine litter pollution, waste prevention, and the need of the active participation of citizens.<\/li>\n<\/ol>\n\n\n\n<h2 class=\"wp-block-heading\">Project activities:<\/h2>\n\n\n\n<ul class=\"wp-block-list\">\n<li>Development of a cross-border educational program on marine litter and waste prevention.<\/li>\n\n\n\n<li>Implementation of participative learning methods.<\/li>\n\n\n\n<li>Integration of the implemented educational program into the curriculum of the partner schools<\/li>\n\n\n\n<li>Communication activities and a final conference to share experience and knowledge related to the implementation of the educational program on marine litter and principle of waste prevention.<\/li>\n<\/ul>\n\n\n\n<h2 class=\"wp-block-heading\">Expected project results:<\/h2>\n\n\n\n<ol class=\"wp-block-list\" start=\"1\" style=\"list-style-type:1\">\n<li>Increased awareness of marine litter pollution among youth.<\/li>\n\n\n\n<li>Finding solutions to prevent the creation of marine litter with the active participation of young people.<\/li>\n\n\n\n<li>Enhanced professional knowledge and exchange of experiences among educators.<\/li>\n\n\n\n<li>Integration of environmental topics in the education system.<\/li>\n<\/ol>\n\n\n\n<p><strong>Lead partner:<\/strong> Association for Nature, Environment and Sustainable Development Sunce<\/p>\n\n\n\n<p><strong>Project partners:<\/strong> Marco Polo Liceo Artistico High School Venice and School of Economics and Administration Split.<\/p>\n\n\n\n<p><strong>Total Project budget:<\/strong>\u00a0220.406,40 EUR<br><strong>Programme funding from European Union<\/strong>: 176,325.12\u00a0EUR<br>Project is a small-scale project financed by the Interreg Italy-Croatia Programme. Project is co-financed by the Government Office for Cooperation with NGOs.<\/p>\n\n\n\n<p><strong>Start date:<\/strong>&nbsp;August 1, 2023<br><strong>End date:<\/strong>&nbsp;December 31, 2024<\/p>\n\n\n\n<p><strong>Project manager in Sunce:<\/strong> Tea Kuzmi\u010di\u0107 Rosandi\u0107, mag. biol. et oecol.<br>E-mail:&nbsp;<a href=\"mailto:tea.kuzmicic@sunce-st.org\">tea.kuzmicic@sunce-st.org<\/a><\/p>\n\n\n\n<p>Official project website: <a href=\"https:\/\/www.italy-croatia.eu\/web\/mlfree\/\" target=\"_blank\" rel=\"noreferrer noopener\">LINK<\/a><\/p>\n\n\n\n<figure class=\"wp-block-image size-large\"><img loading=\"lazy\" decoding=\"async\" width=\"1024\" height=\"341\" src=\"https:\/\/sunce-st.org\/wp-content\/uploads\/2024\/06\/interreg-bolja-verzija-3-1024x341.jpg\" alt=\"m-lfree-eu-rh-interreg\" class=\"wp-image-26165\" srcset=\"https:\/\/sunce-st.org\/wp-content\/uploads\/2024\/06\/interreg-bolja-verzija-3-1024x341.jpg 1024w, https:\/\/sunce-st.org\/wp-content\/uploads\/2024\/06\/interreg-bolja-verzija-3-760x253.jpg 760w, https:\/\/sunce-st.org\/wp-content\/uploads\/2024\/06\/interreg-bolja-verzija-3-768x256.jpg 768w, https:\/\/sunce-st.org\/wp-content\/uploads\/2024\/06\/interreg-bolja-verzija-3-500x167.jpg 500w, https:\/\/sunce-st.org\/wp-content\/uploads\/2024\/06\/interreg-bolja-verzija-3.jpg 1200w\" sizes=\"auto, (max-width: 1024px) 100vw, 1024px\" \/><\/figure>\n","protected":false},"excerpt":{"rendered":"<p>The Adriatic Sea enjoys remarkable marine resources and landscapes shared by Italy and Croatia. However, [&hellip;]<\/p>\n","protected":false},"author":8,"featured_media":14352,"parent":3078,"menu_order":0,"comment_status":"closed","ping_status":"closed","template":"","meta":{"_acf_changed":false,"footnotes":""},"class_list":["post-22733","page","type-page","status-publish","has-post-thumbnail","hentry"],"acf":[],"_links":{"self":[{"href":"https:\/\/sunce-st.org\/en\/wp-json\/wp\/v2\/pages\/22733","targetHints":{"allow":["GET"]}}],"collection":[{"href":"https:\/\/sunce-st.org\/en\/wp-json\/wp\/v2\/pages"}],"about":[{"href":"https:\/\/sunce-st.org\/en\/wp-json\/wp\/v2\/types\/page"}],"author":[{"embeddable":true,"href":"https:\/\/sunce-st.org\/en\/wp-json\/wp\/v2\/users\/8"}],"replies":[{"embeddable":true,"href":"https:\/\/sunce-st.org\/en\/wp-json\/wp\/v2\/comments?post=22733"}],"version-history":[{"count":5,"href":"https:\/\/sunce-st.org\/en\/wp-json\/wp\/v2\/pages\/22733\/revisions"}],"predecessor-version":[{"id":33131,"href":"https:\/\/sunce-st.org\/en\/wp-json\/wp\/v2\/pages\/22733\/revisions\/33131"}],"up":[{"embeddable":true,"href":"https:\/\/sunce-st.org\/en\/wp-json\/wp\/v2\/pages\/3078"}],"wp:featuredmedia":[{"embeddable":true,"href":"https:\/\/sunce-st.org\/en\/wp-json\/wp\/v2\/media\/14352"}],"wp:attachment":[{"href":"https:\/\/sunce-st.org\/en\/wp-json\/wp\/v2\/media?parent=22733"}],"curies":[{"name":"wp","href":"https:\/\/api.w.org\/{rel}","templated":true}]}}