{"id":22271,"date":"2023-07-26T12:05:03","date_gmt":"2023-07-26T10:05:03","guid":{"rendered":"https:\/\/sunce-st.org\/?page_id=22271"},"modified":"2025-07-28T14:14:27","modified_gmt":"2025-07-28T12:14:27","slug":"from-river-to-the-sea-lets-be-plastic-free","status":"publish","type":"page","link":"https:\/\/sunce-st.org\/en\/projects\/from-river-to-the-sea-lets-be-plastic-free\/","title":{"rendered":"From river to the sea \u2013 let\u2019s be plastic free"},"content":{"rendered":"\n<p class=\"has-text-align-center\">It is estimated that about 80% of waste ends up in the sea from sources on land and land-based activities, such as municipal waste from illegal landfills, waste washed into the sea by rainwater, or as a byproduct of intensive and uncontrolled tourist activities (UNEP, 2009).<\/p>\n\n\n\n<p>For this reason, Sunce has joined the Sub-merus initiative <em>From river to the sea \u2013 let&#8217;s be plastic free<\/em>. The focus of this initiative is the critical area where the Cetina River meets the sea, including the protected area of the Cetina River Canyon and three Natura 2000 ecological network areas. These locations are situated in the town of Omis, which is a well-known destination for adventure tourism but also attracts a large number of visitors during the tourist season.<\/p>\n\n\n\n<h2 class=\"wp-block-heading\" id=\"h-project-objective\">Project objective:<\/h2>\n\n\n\n<p>The <em>From river to the sea \u2013 let&#8217;s be plastic free<\/em> initiative goal is to reduce the plastic waste pollution pressure of the Adriatic Sea from the Cetina River and the three Natura 2000 ecological network areas. It builds upon the project <em>Plastic free zones &#8211; Cetina River Canyon<\/em> and the provisions of the Decision on limiting the use of plastic within the boundaries of the Significant Landscape of the Cetina River Canyon.<\/p>\n\n\n\n<h2 class=\"wp-block-heading\">Project activities:<\/h2>\n\n\n\n<p>The <em>From river to the sea \u2013 let&#8217;s be plastic-free<\/em> initiative activities include following:<\/p>\n\n\n\n<ul class=\"wp-block-list\">\n<li><strong>Establishing an Eco-patrol base within the Cetina River Canyon <\/strong><br>This activity involves finding a suitable location within the Cetina River Canyon to set up the Eco-patrol base. This base will serve as the central point for Eco-patrol activities.<br><\/li>\n\n\n\n<li><strong>Creating protocols for Eco-patrol operations<\/strong><br>In collaboration with the Public institution for the management of protected parts of nature in the Split-Dalmatia County \u201cMore and Kr\u0161\u201d, which already performs the duties of guardians in the Cetina River Canyon, a protocol will be developed to regulate the operations of the Eco-patrol. This protocol will contain guidelines and procedures that Eco-patrol members will follow when collecting and sorting waste and reporting illegal waste dumping to responsible parties.<br><\/li>\n\n\n\n<li><strong>Preparing an educational program and waste collection, sorting, and monitoring protocols<\/strong><br>Sunce will be responsible for preparing an educational program that will inform all participants about the harmful effects of plastic, its proper disposal, and the importance of waste separation. Additionally, a protocol will be developed to define the procedures for waste collection, sorting, and monitoring to ensure proper waste management at the source.<\/li>\n<\/ul>\n\n\n\n<h2 class=\"wp-block-heading\">Expected Project Results: <\/h2>\n\n\n\n<p>This initiative will contribute to environmental protection and the preservation of the Adriatic Sea, while also positively impacting the local community and tourism. The synergy between the private, public, and non-governmental sectors will enable us to achieve the common goal of being <em>plastic-free from the river to the sea<\/em>.<\/p>\n\n\n\n<p><strong>Project Partners:<\/strong> The project leader is Sub-merus. Project partners include the Public Institution for the Protected Areas of Split-Dalmatia County \u201cMore and Kr\u0161\u201d, the Association for Nature, Environment, and Sustainable Development Sunce and Impactrip.<\/p>\n\n\n\n<figure class=\"wp-block-image size-large\"><img loading=\"lazy\" decoding=\"async\" width=\"1024\" height=\"238\" src=\"https:\/\/sunce-st.org\/wp-content\/uploads\/2023\/07\/Slagalica_Be_Med-mikroinicijativa-1024x238.png\" alt=\"\" class=\"wp-image-22289\" srcset=\"https:\/\/sunce-st.org\/wp-content\/uploads\/2023\/07\/Slagalica_Be_Med-mikroinicijativa-1024x238.png 1024w, https:\/\/sunce-st.org\/wp-content\/uploads\/2023\/07\/Slagalica_Be_Med-mikroinicijativa-760x176.png 760w, https:\/\/sunce-st.org\/wp-content\/uploads\/2023\/07\/Slagalica_Be_Med-mikroinicijativa-768x178.png 768w, https:\/\/sunce-st.org\/wp-content\/uploads\/2023\/07\/Slagalica_Be_Med-mikroinicijativa-500x116.png 500w, https:\/\/sunce-st.org\/wp-content\/uploads\/2023\/07\/Slagalica_Be_Med-mikroinicijativa.png 1280w\" sizes=\"auto, (max-width: 1024px) 100vw, 1024px\" \/><\/figure>\n\n\n\n<p><strong>Project Manager at the Sunce Association:<\/strong> Tea Kuzmi\u010di\u0107 Rosandi\u0107, M.Sc. in Biology and Ecology.<br>Email: <a href=\"mailto:tea.kuzmicic@sunce-st.org\">tea.kuzmicic@sunce-st.org<\/a><\/p>\n\n\n\n<p><strong>Project Duration:<\/strong> June 2023 &#8211; November 2024.<\/p>\n\n\n\n<p><strong>Funding<\/strong>: Beyond Plastic Med (BeMed) micro-initiative<\/p>\n\n\n\n<figure class=\"wp-block-image size-full is-resized\"><img loading=\"lazy\" decoding=\"async\" src=\"https:\/\/sunce-st.org\/wp-content\/uploads\/2022\/09\/be-med-381x300-1.jpg\" alt=\"beyond-plastic-med-sunce\" class=\"wp-image-18184\" width=\"191\" height=\"150\"\/><\/figure>\n","protected":false},"excerpt":{"rendered":"<p>It is estimated that about 80% of waste ends up in the sea from sources [&hellip;]<\/p>\n","protected":false},"author":8,"featured_media":22268,"parent":3078,"menu_order":0,"comment_status":"closed","ping_status":"closed","template":"","meta":{"_acf_changed":false,"footnotes":""},"class_list":["post-22271","page","type-page","status-publish","has-post-thumbnail","hentry"],"acf":[],"_links":{"self":[{"href":"https:\/\/sunce-st.org\/en\/wp-json\/wp\/v2\/pages\/22271","targetHints":{"allow":["GET"]}}],"collection":[{"href":"https:\/\/sunce-st.org\/en\/wp-json\/wp\/v2\/pages"}],"about":[{"href":"https:\/\/sunce-st.org\/en\/wp-json\/wp\/v2\/types\/page"}],"author":[{"embeddable":true,"href":"https:\/\/sunce-st.org\/en\/wp-json\/wp\/v2\/users\/8"}],"replies":[{"embeddable":true,"href":"https:\/\/sunce-st.org\/en\/wp-json\/wp\/v2\/comments?post=22271"}],"version-history":[{"count":5,"href":"https:\/\/sunce-st.org\/en\/wp-json\/wp\/v2\/pages\/22271\/revisions"}],"predecessor-version":[{"id":33127,"href":"https:\/\/sunce-st.org\/en\/wp-json\/wp\/v2\/pages\/22271\/revisions\/33127"}],"up":[{"embeddable":true,"href":"https:\/\/sunce-st.org\/en\/wp-json\/wp\/v2\/pages\/3078"}],"wp:featuredmedia":[{"embeddable":true,"href":"https:\/\/sunce-st.org\/en\/wp-json\/wp\/v2\/media\/22268"}],"wp:attachment":[{"href":"https:\/\/sunce-st.org\/en\/wp-json\/wp\/v2\/media?parent=22271"}],"curies":[{"name":"wp","href":"https:\/\/api.w.org\/{rel}","templated":true}]}}