{"id":18128,"date":"2022-09-29T11:30:00","date_gmt":"2022-09-29T09:30:00","guid":{"rendered":"https:\/\/sunce-st.org\/?page_id=18128"},"modified":"2023-08-01T12:16:04","modified_gmt":"2023-08-01T10:16:04","slug":"creating-the-study-professional-basis-for-the-declaration-of-a-marine-protected-area-at-cape-stupisce-vis-island-in-implementation-of-the-argos-project-as-part-of-the-italy-croatia-cross-border-cooper","status":"publish","type":"page","link":"https:\/\/sunce-st.org\/en\/services\/creating-the-study-professional-basis-for-the-declaration-of-a-marine-protected-area-at-cape-stupisce-vis-island-in-implementation-of-the-argos-project-as-part-of-the-italy-croatia-cross-border-cooper\/","title":{"rendered":"Creating the study &#8220;Professional basis for the declaration of a marine protected area at cape Stupi\u0161\u0107e &#8211; Vis island&#8221; in implementation of the &#8220;Argos&#8221; project as part of the Italy-Croatia cross-border cooperation program 2014-2020."},"content":{"rendered":"\n<p>As part of this service, the Sunce Association is preparing an expert study for the need to create an expert basis for declaring the Stupi\u0161\u0107e cape on the island of Vis (Komi\u017ea) a protected area in the category of a special reserve. Based on Art. 124 of the Law on Nature Protection (Official Gazette 80\/13, 15\/18, and 14\/19), the expert basis is an integral part of the proposal for the act on the declaration of a protected area, and it is prepared by the Ministry of Economy and Sustainable Development.<\/p>\n\n\n\n<p>In addition to some previous research, the biological value of this area was also identified through research conducted by the Sunce Association in 2020 as part of the EU project ADRIREEF.<\/p>\n\n\n\n<p>The purpose of declaring a protected marine area is to protect and restore natural habitats, increase the fish stock, and preserve biodiversity, as our greatest natural wealth.<\/p>\n\n\n\n<figure class=\"wp-block-image size-full\"><img loading=\"lazy\" decoding=\"async\" width=\"827\" height=\"620\" src=\"https:\/\/sunce-st.org\/wp-content\/uploads\/2022\/09\/image.png\" alt=\"\" class=\"wp-image-18090\" srcset=\"https:\/\/sunce-st.org\/wp-content\/uploads\/2022\/09\/image.png 827w, https:\/\/sunce-st.org\/wp-content\/uploads\/2022\/09\/image-400x300.png 400w, https:\/\/sunce-st.org\/wp-content\/uploads\/2022\/09\/image-768x576.png 768w, https:\/\/sunce-st.org\/wp-content\/uploads\/2022\/09\/image-500x375.png 500w\" sizes=\"auto, (max-width: 827px) 100vw, 827px\" \/><\/figure>\n\n\n\n<p><strong>Service title:<\/strong> Professional basis for the declaration of a protected marine area at the location of cape Stupi\u0161\u0107e &#8211; the island of Vis<\/p>\n\n\n\n<p><strong>The service includes<\/strong> the creation of an expert study for the need to create an expert basis for declaring the Stupi\u0161\u0107e cape on the island of Vis (Komi\u017ea) a protected area in the category of a special reserve.<\/p>\n\n\n\n<p><strong>Client: Public institution RERA S.D. for coordination and development of the Split-Dalmatia County<\/strong><\/p>\n\n\n\n<p><strong>Service duration:<\/strong> 17.06.2022. \u2013 30.11.2022.<\/p>\n\n\n\n<p><strong>Service manager<\/strong>: Zrinka Jakl,mag. ing. biol.<\/p>\n\n\n\n<p>E-mail:&nbsp;<a href=\"mailto:zrinka.jakl@sunce-st.org\">zrinka.jakl@sunce-st.org<\/a><\/p>\n","protected":false},"excerpt":{"rendered":"<p>As part of this service, the Sunce Association is preparing an expert study for the [&hellip;]<\/p>\n","protected":false},"author":8,"featured_media":18090,"parent":15521,"menu_order":0,"comment_status":"closed","ping_status":"closed","template":"","meta":{"_acf_changed":false,"footnotes":""},"class_list":["post-18128","page","type-page","status-publish","has-post-thumbnail","hentry"],"acf":[],"_links":{"self":[{"href":"https:\/\/sunce-st.org\/en\/wp-json\/wp\/v2\/pages\/18128","targetHints":{"allow":["GET"]}}],"collection":[{"href":"https:\/\/sunce-st.org\/en\/wp-json\/wp\/v2\/pages"}],"about":[{"href":"https:\/\/sunce-st.org\/en\/wp-json\/wp\/v2\/types\/page"}],"author":[{"embeddable":true,"href":"https:\/\/sunce-st.org\/en\/wp-json\/wp\/v2\/users\/8"}],"replies":[{"embeddable":true,"href":"https:\/\/sunce-st.org\/en\/wp-json\/wp\/v2\/comments?post=18128"}],"version-history":[{"count":2,"href":"https:\/\/sunce-st.org\/en\/wp-json\/wp\/v2\/pages\/18128\/revisions"}],"predecessor-version":[{"id":22325,"href":"https:\/\/sunce-st.org\/en\/wp-json\/wp\/v2\/pages\/18128\/revisions\/22325"}],"up":[{"embeddable":true,"href":"https:\/\/sunce-st.org\/en\/wp-json\/wp\/v2\/pages\/15521"}],"wp:featuredmedia":[{"embeddable":true,"href":"https:\/\/sunce-st.org\/en\/wp-json\/wp\/v2\/media\/18090"}],"wp:attachment":[{"href":"https:\/\/sunce-st.org\/en\/wp-json\/wp\/v2\/media?parent=18128"}],"curies":[{"name":"wp","href":"https:\/\/api.w.org\/{rel}","templated":true}]}}