{"id":16396,"date":"2022-04-12T12:30:29","date_gmt":"2022-04-12T10:30:29","guid":{"rendered":"https:\/\/sunce-st.org\/?page_id=16396"},"modified":"2022-04-12T12:30:30","modified_gmt":"2022-04-12T10:30:30","slug":"donation-payment","status":"publish","type":"page","link":"https:\/\/sunce-st.org\/en\/donation-payment\/","title":{"rendered":"DONATION PAYMENT"},"content":{"rendered":"\n<div class=\"wp-block-image\"><figure class=\"aligncenter size-full is-resized\"><img loading=\"lazy\" decoding=\"async\" src=\"https:\/\/sunce-st.org\/wp-content\/uploads\/2022\/03\/Webp.net-resizeimage.png\" alt=\"\" class=\"wp-image-16011\" width=\"543\" height=\"285\"\/><figcaption>Donation payment slip<\/figcaption><\/figure><\/div>\n\n\n\n<p><strong>PAYER: name and address<\/strong>:<\/p>\n\n\n\n<p>Enter your name and surname or company name and address and city. Eg<br>Jadran Planinovi\u0107<br>Lakes 23<br>21000 Split<\/p>\n\n\n\n<p><strong>RECIPIENT: name and address:<\/strong> Sunce Association, Obala HNP 7, 21000 Split<br><strong>Recipient&#8217;s account number:<\/strong> HR4624070001100570925<br><strong>Call for approval number:<\/strong> 00<br><strong>Payment description:<\/strong> Donation for the work of the Sunce Association<br><strong>Amount:<\/strong> Enter the amount of the donation in HRK. Eg = 10.00 or = 50.00 or = 100.00 or some other amount. You also enter the membership fee in HRK. Eg = 70.00 or 30.00)<\/p>\n\n\n\n<p>After payment to the bank account, please send an e-mail with the following information to info@sunce-st.org to send you a confirmation of receipt of the donation and inform you about the work and activities of the Association Sunce. Required information: name and surname, address, city, date of payment, amount of payment, e-mail contact address, telephone or mobile phone (optional).<\/p>\n\n\n\n<p>For help with payment, you can contact our finance manager Samanta \u0160e\u0107er or administrative-financial associate-trainee Margita Gospodneti\u0107 on <strong>021 360 779<\/strong>.<\/p>\n","protected":false},"excerpt":{"rendered":"<p>PAYER: name and address: Enter your name and surname or company name and address and [&hellip;]<\/p>\n","protected":false},"author":5,"featured_media":0,"parent":0,"menu_order":0,"comment_status":"closed","ping_status":"closed","template":"","meta":{"_acf_changed":false,"footnotes":""},"class_list":["post-16396","page","type-page","status-publish","hentry"],"acf":[],"_links":{"self":[{"href":"https:\/\/sunce-st.org\/en\/wp-json\/wp\/v2\/pages\/16396","targetHints":{"allow":["GET"]}}],"collection":[{"href":"https:\/\/sunce-st.org\/en\/wp-json\/wp\/v2\/pages"}],"about":[{"href":"https:\/\/sunce-st.org\/en\/wp-json\/wp\/v2\/types\/page"}],"author":[{"embeddable":true,"href":"https:\/\/sunce-st.org\/en\/wp-json\/wp\/v2\/users\/5"}],"replies":[{"embeddable":true,"href":"https:\/\/sunce-st.org\/en\/wp-json\/wp\/v2\/comments?post=16396"}],"version-history":[{"count":1,"href":"https:\/\/sunce-st.org\/en\/wp-json\/wp\/v2\/pages\/16396\/revisions"}],"predecessor-version":[{"id":16397,"href":"https:\/\/sunce-st.org\/en\/wp-json\/wp\/v2\/pages\/16396\/revisions\/16397"}],"wp:attachment":[{"href":"https:\/\/sunce-st.org\/en\/wp-json\/wp\/v2\/media?parent=16396"}],"curies":[{"name":"wp","href":"https:\/\/api.w.org\/{rel}","templated":true}]}}