{"id":15324,"date":"2020-11-07T15:36:00","date_gmt":"2020-11-07T14:36:00","guid":{"rendered":"https:\/\/sunce-st.org\/?p=15324"},"modified":"2023-07-04T08:59:49","modified_gmt":"2023-07-04T06:59:49","slug":"determining-the-condition-of-posidonia-oceanica-meadows-in-the-ecological-network-hr4000007-badija-around-korcula-islands-and-hr3000431-aquatorium-s-of-przina-bay-and-n-of-bilin-zal-bay-along-raznjic","status":"publish","type":"page","link":"https:\/\/sunce-st.org\/en\/services\/determining-the-condition-of-posidonia-oceanica-meadows-in-the-ecological-network-hr4000007-badija-around-korcula-islands-and-hr3000431-aquatorium-s-of-przina-bay-and-n-of-bilin-zal-bay-along-raznjic\/","title":{"rendered":"Determining the condition of Posidonia oceanica meadows in the ecological network HR4000007 Badija, around Kor\u010dula  islands and HR3000431 Aquatorium S of Pr\u017eina bay and N of Bilin \u017eal bay along Ra\u017enji\u0107 peninsula and in Pola\u010di\u0161te bay"},"content":{"rendered":"\n<p>Within the service &#8220;Determining the condition of <em>Posidonia oceanica<\/em> meadows in the ecological network HR4000007 Badija and islands around Korcula and HR3000431 Aquatorium J of Pr\u017eina bay and S of Bilin \u017eal bay along Ra\u017enji\u0107 peninsula and in Pola\u010di\u0161te bay&#8221; Association Sunce aims to map the area and establish the first monitoring of the seagrass <em>P. oceanica<\/em>.<\/p>\n\n\n\n<p>Field research was conducted in the period from 21 to 28 June 2020 during which an area of 1019 ha was mapped and Posidonia meadows monitoring was established. The conducted mapping of Posidonia meadows is a necessary precondition for the establishment of monitoring and future adoption of habitat management measures. Conservation of habitat, such as Posidonia meadows, is especially important at the EU level.<\/p>\n\n\n\n<p><strong>Client:<\/strong> The Public Institution for Management of Protected Natural Areas of the Dubrovnik-Neretva Region<\/p>\n\n\n\n<p><strong>Service duration:<\/strong>&nbsp;11.12.2019.-30.11.2020.<\/p>\n\n\n\n<p><strong>Aim\/purpose of the service:<\/strong> The research, which includes mapping the area and the first monitoring of <em>P. oceanica<\/em> meadows, was conducted in the area of Pola\u010di\u0161te bay and two areas of the ecological network HR4000007 Badija and the islands around Kor\u010dula and HR3000431 Aquatorium J of Pr\u017eina bay and S of Bilin \u017eal bay along Ra\u017enji\u0107 peninsula and in Pola\u010di\u0161te bay.<\/p>\n\n\n\n<p><strong>Service manager<\/strong>: Zrinka Jakl,<strong>&nbsp;<\/strong>mag. ing. biol.<\/p>\n\n\n\n<ul class=\"wp-block-list\">\n<li>E-mail:&nbsp;<a href=\"mailto:zrinka.jakl@sunce-st.org\">zrinka.jakl@sunce-st.org<\/a><\/li>\n<\/ul>\n","protected":false},"excerpt":{"rendered":"<p>Within the service &#8220;Determining the condition of Posidonia oceanica meadows in the ecological network HR4000007 [&hellip;]<\/p>\n","protected":false},"author":5,"featured_media":12837,"parent":15521,"menu_order":0,"comment_status":"open","ping_status":"open","template":"","meta":{"_acf_changed":false,"footnotes":""},"class_list":["post-15324","page","type-page","status-publish","has-post-thumbnail","hentry"],"acf":[],"_links":{"self":[{"href":"https:\/\/sunce-st.org\/en\/wp-json\/wp\/v2\/pages\/15324","targetHints":{"allow":["GET"]}}],"collection":[{"href":"https:\/\/sunce-st.org\/en\/wp-json\/wp\/v2\/pages"}],"about":[{"href":"https:\/\/sunce-st.org\/en\/wp-json\/wp\/v2\/types\/page"}],"author":[{"embeddable":true,"href":"https:\/\/sunce-st.org\/en\/wp-json\/wp\/v2\/users\/5"}],"replies":[{"embeddable":true,"href":"https:\/\/sunce-st.org\/en\/wp-json\/wp\/v2\/comments?post=15324"}],"version-history":[{"count":5,"href":"https:\/\/sunce-st.org\/en\/wp-json\/wp\/v2\/pages\/15324\/revisions"}],"predecessor-version":[{"id":21978,"href":"https:\/\/sunce-st.org\/en\/wp-json\/wp\/v2\/pages\/15324\/revisions\/21978"}],"up":[{"embeddable":true,"href":"https:\/\/sunce-st.org\/en\/wp-json\/wp\/v2\/pages\/15521"}],"wp:featuredmedia":[{"embeddable":true,"href":"https:\/\/sunce-st.org\/en\/wp-json\/wp\/v2\/media\/12837"}],"wp:attachment":[{"href":"https:\/\/sunce-st.org\/en\/wp-json\/wp\/v2\/media?parent=15324"}],"curies":[{"name":"wp","href":"https:\/\/api.w.org\/{rel}","templated":true}]}}