{"id":12372,"date":"2019-01-11T14:47:00","date_gmt":"2019-01-11T13:47:00","guid":{"rendered":"https:\/\/sunce-st.org\/?p=12372"},"modified":"2023-05-12T09:50:40","modified_gmt":"2023-05-12T07:50:40","slug":"sunce-st-org-en-projects-fairsea-fisheries-in-the-adriatic-region-a-shared-ecosystem-approach-2","status":"publish","type":"page","link":"https:\/\/sunce-st.org\/en\/projects\/sunce-st-org-en-projects-fairsea-fisheries-in-the-adriatic-region-a-shared-ecosystem-approach-2\/","title":{"rendered":"FAIRSEA \u2013 Fisheries in the Adriatic Region \u2013 a Shared Ecosystem Approach"},"content":{"rendered":"\n<p>The FAIRSEA project focuses on fisheries, an important economic activity in the Adriatic Sea, especially due to its strong cultural, social and economic role in regional coastal communities.<\/p>\n\n\n\n<p>The overall objective of the project is to improve the conditions for the introduction of innovative approaches to sustainable fisheries management in the Adriatic Sea, based on the exchange of knowledge and the sharing of good practices among partners.<\/p>\n\n\n\n<p>The main result of the project will be the development of an integrated platform for a quantitative ecosystem approach to fisheries, which transcends territorial boundaries and places emphasis on interdisciplinarity.<\/p>\n\n\n\n<p>The platform will bring together biological-ecological processes and physico-chemical processes, as well as primary production, resource dynamics including their interaction, and bio-economic aspects of fisheries.<\/p>\n\n\n\n<p>This high-tech and innovative platform will be used as a planning tool that will be able to test different approaches to fisheries management at the local level and at the level of the entire Adriatic. The platform is designed as a scientific basis for proposing and evaluating joint management decisions at national and international level, resulting from the cooperation of legislative institutions, experts and stakeholders in the fisheries sector. The project will provide answers on reference points, best practices and guidelines for optimizing the environmental and socio-economic sustainability of the fisheries sector in the Adriatic.<\/p>\n\n\n\n<p>The FAIRSEA project is funded under the Interreg V-A IT-HR CBC Program (Priority Axis 1- Blue innovation).<\/p>\n\n\n\n<p>The project holder is the <em>Istituto Nazionale di <strong>O<\/strong>ceanografia e <strong>G<\/strong>eofisica<strong> S<\/strong>perimentale<\/em> &#8211; OGS, and the project includes 11 other partners from Italy and Croatia: Institute of Oceanography and Fisheries (HR), Croatian Agricultural and Forestry Advisory Service (HR), Consiglio nazionale delle ricerche \u2013 CNR (IT), Agenzia per i servizi nel settore agroalimentare delle Marche \u2013 ASSAM (IT), Coispa technologia &amp; ricerca (IT), Consorzio nazionale interuniversitario per le scienze del mare (IT), Public institution RERA SD for coordination and development of Split-Dalmatia County (HR), Association for Nature, Environment and Sustainable Development Sunce (HR), Gruppo di azione locale Venezia orientale (IT), Sveu\u010dili\u0161te u Splitu (HR), Associazione consiglio consultivo regionale del Mediterraneo (IT).<\/p>\n\n\n\n<p>Total project budget: EUR 2,060,000.00 (ERDF + National co-financing)<\/p>\n\n\n\n<p>Program Funds: EUR 1,751,000 (ERDF)<\/p>\n\n\n\n<p>The project is co-financed by the Office for Cooperation with NGO-s of the Government of the Republic of Croatia.<\/p>\n\n\n\n<p>Project start: January 1, 2019<\/p>\n\n\n\n<p>End of the project: February 28, 2021<\/p>\n\n\n\n<p><strong>Project manager<\/strong>: Tea Kuzmi\u010di\u0107 Rosandi\u0107, mag. biol. et oecol.<\/p>\n\n\n\n<ul class=\"wp-block-list\">\n<li>E-mail:&nbsp;<a href=\"mailto:tea.kuzmicic@sunce-st.org\">tea.kuzmicic@sunce-st.org<\/a><\/li>\n<\/ul>\n\n\n\n<figure class=\"wp-block-image size-large is-resized\"><img loading=\"lazy\" decoding=\"async\" src=\"https:\/\/sunce-st.org\/wp-content\/uploads\/2019\/03\/Ured-za-udruge_LOGO_HR_RGB_72dpi_vertical_1191x842px-1024x724.jpg\" alt=\"\" class=\"wp-image-7751\" width=\"257\" height=\"181\" srcset=\"https:\/\/sunce-st.org\/wp-content\/uploads\/2019\/03\/Ured-za-udruge_LOGO_HR_RGB_72dpi_vertical_1191x842px-1024x724.jpg 1024w, https:\/\/sunce-st.org\/wp-content\/uploads\/2019\/03\/Ured-za-udruge_LOGO_HR_RGB_72dpi_vertical_1191x842px-300x212.jpg 300w, https:\/\/sunce-st.org\/wp-content\/uploads\/2019\/03\/Ured-za-udruge_LOGO_HR_RGB_72dpi_vertical_1191x842px-768x543.jpg 768w, https:\/\/sunce-st.org\/wp-content\/uploads\/2019\/03\/Ured-za-udruge_LOGO_HR_RGB_72dpi_vertical_1191x842px-500x353.jpg 500w, https:\/\/sunce-st.org\/wp-content\/uploads\/2019\/03\/Ured-za-udruge_LOGO_HR_RGB_72dpi_vertical_1191x842px.jpg 1191w\" sizes=\"auto, (max-width: 257px) 100vw, 257px\" \/><\/figure>\n","protected":false},"excerpt":{"rendered":"<p>The FAIRSEA project focuses on fisheries, an important economic activity in the Adriatic Sea, especially [&hellip;]<\/p>\n","protected":false},"author":5,"featured_media":6603,"parent":3078,"menu_order":0,"comment_status":"open","ping_status":"closed","template":"","meta":{"_acf_changed":false,"footnotes":""},"class_list":["post-12372","page","type-page","status-publish","has-post-thumbnail","hentry"],"acf":[],"_links":{"self":[{"href":"https:\/\/sunce-st.org\/en\/wp-json\/wp\/v2\/pages\/12372","targetHints":{"allow":["GET"]}}],"collection":[{"href":"https:\/\/sunce-st.org\/en\/wp-json\/wp\/v2\/pages"}],"about":[{"href":"https:\/\/sunce-st.org\/en\/wp-json\/wp\/v2\/types\/page"}],"author":[{"embeddable":true,"href":"https:\/\/sunce-st.org\/en\/wp-json\/wp\/v2\/users\/5"}],"replies":[{"embeddable":true,"href":"https:\/\/sunce-st.org\/en\/wp-json\/wp\/v2\/comments?post=12372"}],"version-history":[{"count":5,"href":"https:\/\/sunce-st.org\/en\/wp-json\/wp\/v2\/pages\/12372\/revisions"}],"predecessor-version":[{"id":21599,"href":"https:\/\/sunce-st.org\/en\/wp-json\/wp\/v2\/pages\/12372\/revisions\/21599"}],"up":[{"embeddable":true,"href":"https:\/\/sunce-st.org\/en\/wp-json\/wp\/v2\/pages\/3078"}],"wp:featuredmedia":[{"embeddable":true,"href":"https:\/\/sunce-st.org\/en\/wp-json\/wp\/v2\/media\/6603"}],"wp:attachment":[{"href":"https:\/\/sunce-st.org\/en\/wp-json\/wp\/v2\/media?parent=12372"}],"curies":[{"name":"wp","href":"https:\/\/api.w.org\/{rel}","templated":true}]}}